{"id":29,"date":"2025-07-12T16:25:37","date_gmt":"2025-07-12T14:25:37","guid":{"rendered":"https:\/\/www.kine-la-mure.fr\/?page_id=29"},"modified":"2025-09-15T22:14:34","modified_gmt":"2025-09-15T20:14:34","slug":"nouveau-ouverture-prochaine","status":"publish","type":"page","link":"https:\/\/www.kine-la-mure.fr\/","title":{"rendered":"NOUVEAU              Ouverture Lundi 25 Aout 2025"},"content":{"rendered":"\n<p class=\"has-text-align-center has-x-large-font-size\"><strong>CABINET de kin\u00e9sith\u00e9rapie<\/strong><\/p>\n\n\n\n<p class=\"has-text-align-center\">1904 avenue du 22 Aout 1944<\/p>\n\n\n\n<p class=\"has-text-align-center\">38350 La Mure <\/p>\n\n\n\n<p class=\"has-text-align-center\">tel : 04 76 30 50 34<\/p>\n\n\n\n<p class=\"has-text-align-center has-x-large-font-size\"><strong>Bienvenue<\/strong><\/p>\n\n\n\n<h4 class=\"wp-block-heading\">2 types de prestations :<\/h4>\n\n\n\n<ul class=\"wp-block-list\">\n<li>soin sur prescription m\u00e9dicale<\/li>\n<\/ul>\n\n\n\n<ul class=\"wp-block-list\">\n<li>massage de confort<\/li>\n<\/ul>\n\n\n\n<p><\/p>\n\n\n\n<h2 class=\"wp-block-heading has-text-align-center has-large-font-size\"><strong>Pr\u00e9sentation<\/strong><\/h2>\n\n\n\n<p>Je m&rsquo;appelle Sol\u00e8ne VARIER DEL\u00c9TRAZ, dipl\u00f4m\u00e9e de Kin\u00e9sith\u00e9rapie depuis 2006 de l&rsquo;institut du CEERRF en r\u00e9gion parisienne. Apr\u00e8s 2 ans de remplacements \u00e0 travers la France et l&rsquo;Outre Mer, c&rsquo;est le coup de c\u0153ur pour la r\u00e9gion et je m&rsquo;y installe avec mon conjoint, en tant qu&rsquo;assistante en 2008. Forte de ces ann\u00e9es d&rsquo;exp\u00e9rience, j&rsquo;ouvre ce cabinet qui correspond \u00e0 ma vision de la r\u00e9\u00e9ducation aujourd&rsquo;hui. Je participe r\u00e9guli\u00e8rement \u00e0 des formations ce qui contribue \u00e0 entretenir ma motivation pour ce m\u00e9tier passionnant et complexe qu&rsquo;est la kin\u00e9sith\u00e9rapie.<\/p>\n\n\n\n<p>J&rsquo;ai \u00e0 c\u0153ur de vous recevoir dans un lieu accueillant et s\u00e9curisant afin de vous accompagner dans votre r\u00e9\u00e9ducation. J&rsquo;y serai \u00e0 votre \u00e9coute et vous pourrez y exprimer votre motivation : la cl\u00e9 de votre r\u00e9ussite.<\/p>\n\n\n\n<p>Pour cela, le cabinet dispose de :<\/p>\n\n\n\n<ul class=\"wp-block-list\">\n<li>3 salles de soins : une bleue, une rose et une verte<\/li>\n\n\n\n<li>presso-th\u00e9rapie<\/li>\n\n\n\n<li>ultra-son<\/li>\n\n\n\n<li>\u00e9lectroth\u00e9rapie (tens, stim)<\/li>\n\n\n\n<li>hot\/cold pack <\/li>\n\n\n\n<li>espaliers<\/li>\n\n\n\n<li>v\u00e9lo<\/li>\n<\/ul>\n\n\n\n<h2 class=\"wp-block-heading has-text-align-center has-large-font-size\"><strong>Soins sur prescription m\u00e9dicale<\/strong> :<\/h2>\n\n\n\n<p class=\"has-text-align-center\">s\u00e9ances de kin\u00e9sith\u00e9rapie<\/p>\n\n\n\n<p>Toutes pathologies (hors p\u00e9diatrie): traumatologie, rhumatologie, respiratoire, p\u00e9rin\u00e9ale, neurologique, selon la prescription de votre m\u00e9decin.<\/p>\n\n\n\n<p>Je souhaite favoriser votre autonomie dans vos soins. Je suis l\u00e0 pour vous aider et vous guider mais c&rsquo;est votre implication personnelle dans votre r\u00e9\u00e9ducation qui compte ! C&rsquo;est pourquoi je vous propose un premier rendez vous d&rsquo;une heure afin de compl\u00e9ter le bilan kin\u00e9sith\u00e9rapique, par un temps d&rsquo;\u00e9change et d&rsquo;\u00e9coute particulier sous forme d&rsquo;entretien motivationnel pour d\u00e9terminer ensemble les objectifs attendus (\u00e0 renouveler si n\u00e9cessaire toutes les 10 s\u00e9ances).<\/p>\n\n\n\n<h2 class=\"wp-block-heading has-text-align-center has-large-font-size\"><strong>Massage de confort<\/strong><\/h2>\n\n\n\n<p>s\u00e9ance de 60 minutes, installation et rhabillage compris<\/p>\n\n\n\n<p><strong>au choix<\/strong>:<\/p>\n\n\n\n<ul class=\"wp-block-list\">\n<li><strong>global<\/strong>, pour une d\u00e9tente de l&rsquo;ensemble de votre corps<\/li>\n\n\n\n<li><strong>haut du corps<\/strong> : dos, membres sup\u00e9rieurs et visage<\/li>\n\n\n\n<li><strong>bas du corps<\/strong> : membres inf\u00e9rieurs jusqu&rsquo;aux pieds<\/li>\n\n\n\n<li><strong>buste<\/strong> : dos et ventre<\/li>\n<\/ul>\n\n\n\n<p>Apr\u00e8s un rapide entretien : questionnaire m\u00e9dical (probl\u00e8mes respiratoires, cardiaques, pr\u00e9sence d&rsquo;allergie, appareillage auditif, proth\u00e8se capillaire), pr\u00e9cisions de vos attentes, des zones douloureuses\/fragiles\/sensibles (contre indiqu\u00e9es ou non d\u00e9sir\u00e9es), nous choisirons ensemble l&rsquo;installation qui vous convient le mieux pour ce moment de d\u00e9tente.<\/p>\n\n\n\n<h2 class=\"wp-block-heading has-text-align-center has-large-font-size\"><strong>Tarifs<\/strong><\/h2>\n\n\n\n<p><strong>S\u00e9ance de kin\u00e9sith\u00e9rapie sur prescription m\u00e9dicale : <\/strong><\/p>\n\n\n\n<p class=\"has-text-align-left\"><strong>1er rdv (1h)<\/strong> : 50 euros (hors convention) + bilan et s\u00e9ance (tarif conventionn\u00e9s) tarif applicable \u00e0 chaque nouvelle ordonnance (y compris renouvellement) assimilable \u00e0 un 1er rdv. Ce tarif me permet aussi de vous proposer sans suppl\u00e9ment par la suite, des outils tels que : K-Tappe, Sifflet ABDO-MG, Huile Essentielle&#8230;<\/p>\n\n\n\n<p><strong>s\u00e9ance suivante<\/strong> : tarif conventionn\u00e9, 1\/3 payant applicable sauf probl\u00e8me r\u00e9current de paiement par votre mutuelle, remboursement 60% s\u00e9cu et 40% par votre mutuelle, sauf ALD, CMU-C, ACS , AT-MP, maternit\u00e9 : 100% s\u00e9cu<\/p>\n\n\n\n<p>Extraits de cotation et tarification de s\u00e9ance selon la NGAP :<\/p>\n\n\n\n<ul class=\"wp-block-list\">\n<li>R\u00e9\u00e9ducation dans le cadre de la prise en charge d\u2019une lombalgie commune, cotation : RAM 7,49 tarif\u00e9e 16,55 \u20ac<\/li>\n\n\n\n<li>R\u00e9\u00e9ducation dans le cadre d\u2019une tendinopathie de la coiffe des rotateurs non op\u00e9r\u00e9e, cotation : RSM 7,49 tarif\u00e9e 16,55\u20ac<\/li>\n\n\n\n<li>R\u00e9\u00e9ducation secondaire \u00e0 l\u2019affection d\u2019au moins 2 territoires l\u00e9s\u00e9s (hors 2 territoires ou plus du m\u00eame membre ou 2 territoires ou plus du rachis) sans chirurgie, cotation : TER 9,49 tarif\u00e9e 20,97\u20ac<\/li>\n\n\n\n<li>R\u00e9\u00e9ducation des maladies respiratoires, obstructives, restrictives ou mixtes (en dehors des situations d&rsquo;urgence), cotation : ARL 8,5 tarif\u00e9e 18,79 \u20ac<\/li>\n\n\n\n<li>R\u00e9\u00e9ducation p\u00e9rin\u00e9ale active sous contr\u00f4le manuel et\/ou \u00e9lectrostimulation et\/ou biofeedback, cotation : RAB 8,5 tarif\u00e9e 18,79 \u20ac<\/li>\n\n\n\n<li>R\u00e9\u00e9ducation apr\u00e8s arthroplastie du genou par proth\u00e8se totale ou uni-compartimentaire, cotation : RIC 7,52 tarif\u00e9e 16,62 \u20ac<\/li>\n\n\n\n<li>R\u00e9\u00e9ducation des cons\u00e9quences d&rsquo;une entorse externe r\u00e9cente de cheville-pied non op\u00e9r\u00e9e, cotation : RIM 7,5 tarif\u00e9e 16,58 \u20ac<\/li>\n\n\n\n<li>R\u00e9\u00e9ducation analytique et globale, musculo-articulaire des deux membres inf\u00e9rieurs, de la posture, de l&rsquo;\u00e9quilibre et de la coordination chez le sujet \u00e2g\u00e9, cotation : RPE 8,5 tarif\u00e9e 18,79 \u20ac<\/li>\n\n\n\n<li>Bilan-diagnostic kin\u00e9sith\u00e9rapique pour un nombre de s\u00e9ances compris entre 1 et 10, puis \u00e0 la 30\u00e8me s\u00e9ance, puis de nouveau toutes les 20 s\u00e9ances r\u00e9alis\u00e9es pour traitement de r\u00e9\u00e9ducation et de r\u00e9adaptation fonctionnelle (sauf pour le traitement de r\u00e9\u00e9ducation des cons\u00e9quences des affections neurologiques et musculaires ), cotation : AMK 10,7 soit 23,65 \u20ac<\/li>\n<\/ul>\n\n\n\n<p><strong>Massage de confort<\/strong><\/p>\n\n\n\n<p>S\u00e9ance d&rsquo;une heure en tout, installation et rhabillage compris : 70 euros<\/p>\n\n\n\n<p>Votre praticienne est membre d&rsquo;une AGA et accepte les r\u00e8glements par ch\u00e8que ou esp\u00e8ce, pas de CB.<\/p>\n\n\n\n<h2 class=\"wp-block-heading has-text-align-center has-large-font-size\"><strong>D\u00e9roulement des s\u00e9ances de kin\u00e9sith\u00e9rapie<\/strong><\/h2>\n\n\n\n<h2 class=\"wp-block-heading has-text-align-left has-medium-font-size\"><strong>1er RDV :<\/strong><\/h2>\n\n\n\n<ul class=\"wp-block-list\">\n<li>renseignements administratifs<\/li>\n\n\n\n<li>recueille de l&rsquo;ordonnance m\u00e9dicale et des examens compl\u00e9mentaires (radio, echo, scanner, IRM) s&rsquo;il y en a, pensez \u00e0 en apporter les comptes rendus<\/li>\n\n\n\n<li>anamn\u00e8se<\/li>\n\n\n\n<li>entretien motivationnel : vos attentes ? vos objectifs ? vos moyens pour les atteindre ? vos freins \u00e9ventuels ?<\/li>\n\n\n\n<li>Mise en place des 1er exercices : le d\u00e9but de l&rsquo;autonomie !<\/li>\n<\/ul>\n\n\n\n<p class=\"has-medium-font-size\"><\/p>\n\n\n\n<h2 class=\"wp-block-heading has-medium-font-size\"><strong>RDV suivants :<\/strong><\/h2>\n\n\n\n<p>Si une salle est libre \u00e0 votre arriv\u00e9e, vous d\u00e9marrez seul les exercices vus pr\u00e9c\u00e9demment, puis nous progressons ensemble : kin\u00e9sith\u00e9rapie active et\/ou passive en fonction de vos besoins, compl\u00e9t\u00e9e par de la physioth\u00e9rapie ou la poursuite des exercices&#8230;<\/p>\n\n\n\n<p>Pr\u00e9voyez une tenue adapt\u00e9e qui sera toujours plus confortable pour vous.<\/p>\n\n\n\n<p>Si votre r\u00e9\u00e9ducation n\u00e9cessite plus de 15 s\u00e9ances, je vous inviterais n\u00e9anmoins \u00e0 faire une fen\u00eatre th\u00e9rapeutique pour que vous puissiez poursuivre vos exercices \u00e0 la maison, reprendre RDV avec votre m\u00e9decin ou un sp\u00e9cialiste ou compl\u00e9ter si besoin le diagnostic par d&rsquo;autres examens. Cela me permettra de proposer des soins \u00e0 d&rsquo;autres patients en attente durant cette pause, vous pourrez revenir dans un 2\u00e8me temps poursuivre vos s\u00e9ances si n\u00e9cessaire.<\/p>\n\n\n\n<p>Pour information, la s\u00e9curit\u00e9 sociale a mis en place des r\u00e9f\u00e9rentiels pour limiter le nombre de s\u00e9ances sur certaines pathologies. Bien s\u00fbr, si malgr\u00e9 tout votre cas n\u00e9cessite plus de s\u00e9ances que le nombre pr\u00e9conis\u00e9, nous compl\u00e8terons votre dossier pour que vous puissiez en b\u00e9n\u00e9ficier.<\/p>\n\n\n\n<p><strong>Rappel des situations de r\u00e9\u00e9ducation couvertes par un r\u00e9f\u00e9rentiel de la Haute Autorit\u00e9 de sant\u00e9<\/strong><\/p>\n\n\n\n<figure class=\"wp-block-table\"><table class=\"has-fixed-layout\"><thead><tr><th><strong>Situation de r\u00e9\u00e9ducation<\/strong><\/th><th><strong>Nombre de s\u00e9ances avant accord pr\u00e9alable<\/strong><\/th><th><strong>Demande d&rsquo;accord pr\u00e9alable<\/strong><\/th><\/tr><\/thead><tbody><tr><th>Entorse externe r\u00e9cente de la cheville<\/th><td>1 \u00e0 10 s\u00e9ances<\/td><td>\u00c0 partir de la 11<sup>e<\/sup> s\u00e9ance<\/td><\/tr><tr><th>Arthroplastie de hanche par proth\u00e8se totale<\/th><td>1 \u00e0 15 s\u00e9ances<\/td><td>\u00c0 partir de la 16<sup>e<\/sup> s\u00e9ance<\/td><\/tr><tr><th>Arthroplastie du genou par proth\u00e8se totale ou uni-compartimentaire<\/th><td>1 \u00e0 25 s\u00e9ances<\/td><td>\u00c0 partir de la 26<sup>e<\/sup> s\u00e9ance<\/td><\/tr><tr><th>Reconstruction du ligament crois\u00e9 ant\u00e9rieur du genou<\/th><td>1 \u00e0 40 s\u00e9ances<\/td><td>\u00c0 partir de la 41<sup>e<\/sup> s\u00e9ance<\/td><\/tr><tr><th>Lib\u00e9ration du nerf m\u00e9dian au canal carpien<\/th><td>&#8211;<\/td><td>D\u00e8s la 1<sup>re<\/sup> s\u00e9ance<\/td><\/tr><tr><th>M\u00e9niscectomie isol\u00e9e, totale ou subtotale, par arthroscopie<\/th><td>1 \u00e0 15 s\u00e9ances<\/td><td>\u00c0 partir de la 16<sup>e<\/sup> s\u00e9ance<\/td><\/tr><tr><th>R\u00e9insertion et\/ou suture d&rsquo;un ou de plusieurs tendons de la coiffe des rotateurs de l&rsquo;\u00e9paule, par arthroscopie ou abord direct<\/th><td>1 \u00e0 50 s\u00e9ances*<\/td><td>\u00c0 partir de la 51<sup>e<\/sup> s\u00e9ance<\/td><\/tr><tr><th>Prise en charge d&rsquo;une lombalgie commune<\/th><td>1 \u00e0 15 s\u00e9ances pour une s\u00e9rie d&rsquo;actes<\/td><td>\u00c0 partir de la 16<sup>e<\/sup> s\u00e9ance<br><strong>ou<\/strong><br>\u00e0 partir de la 31<sup>e<\/sup> s\u00e9ance si 30 s\u00e9ances pour lombalgie commune ont \u00e9t\u00e9 prises en charge dans les 12 mois pr\u00e9c\u00e9dents<\/td><\/tr><tr><th>Prise en charge d&rsquo;une cervicalgie commune<\/th><td>1 \u00e0 15 s\u00e9ances pour une s\u00e9rie d&rsquo;actes<\/td><td>\u00c0 partir de la 16<sup>e<\/sup> s\u00e9ance<br><strong>ou<\/strong><br>\u00e0 partir de la 31<sup>e<\/sup> s\u00e9ance si 30 s\u00e9ances pour cervicalgie commune ont \u00e9t\u00e9 prises en charge dans les 12 mois pr\u00e9c\u00e9dents<\/td><\/tr><tr><th>Apr\u00e8s fracture de l&rsquo;extr\u00e9mit\u00e9 distale des deux os de l&rsquo;avant-bras<\/th><td>1 \u00e0 25 s\u00e9ances<\/td><td>\u00c0 partir de la 26<sup>e<\/sup> s\u00e9ance<\/td><\/tr><tr><th>Apr\u00e8s fracture avec ou sans luxation, op\u00e9r\u00e9e ou non, du coude chez l&rsquo;adulte<\/th><td>1 \u00e0 30 s\u00e9ances pour une s\u00e9rie d&rsquo;actes<\/td><td>\u00c0 partir de la 31<sup>e<\/sup> s\u00e9ance<\/td><\/tr><tr><th>Apr\u00e8s fracture non op\u00e9r\u00e9e de l&rsquo;extr\u00e9mit\u00e9 proximale de l&rsquo;hum\u00e9rus<\/th><td>1 \u00e0 30 s\u00e9ances<\/td><td>\u00c0 partir de la 31<sup>e<\/sup> s\u00e9ance<\/td><\/tr><tr><th>Dans le cadre d&rsquo;un traumatisme r\u00e9cent du rachis cervical sans l\u00e9sion neurologique<\/th><td>1 \u00e0 10 s\u00e9ances<\/td><td>\u00c0 partir de la 11<sup>e<\/sup> s\u00e9ance<\/td><\/tr><tr><th>Dans le cadre d&rsquo;une tendinopathie de la coiffe des rotateurs non op\u00e9r\u00e9e<\/th><td>1 \u00e0 25 s\u00e9ances<\/td><td>\u00c0 partir de la 26<sup>e<\/sup> s\u00e9ance<\/td><\/tr><\/tbody><\/table><\/figure>\n\n\n\n<h2 class=\"wp-block-heading has-text-align-center has-large-font-size\"><strong>Acc\u00e8s<\/strong><\/h2>\n\n\n\n<p>Le cabinet se situe au Rez de Chauss\u00e9e de plan pied, en face des enseignes Centrakor et Renault, de l&rsquo;autre cot\u00e9 de la nationale, dans la contre all\u00e9e oppos\u00e9e.<\/p>\n\n\n\n<p>3 places de parking vous sont r\u00e9serv\u00e9es juste devant la porte, merci de respecter la copropri\u00e9t\u00e9 et de ne pas utiliser les autres places.<\/p>\n\n\n\n<p>Les 2 contre-all\u00e9es permettent aussi de stationner (soyez prudents en traversant la nationale).<\/p>\n\n\n\n<p>Bus n\u00b0 T90 et T91 arr\u00eat du Pont de la mouche \u00e0 200m<\/p>\n\n\n\n<p><a href=\"http:\/\/maps.apple.com\/?address=1904+avenue+du+22+Ao%C3%BBt+1944,+38350+La+Mure\" target=\"_blank\" rel=\"noreferrer noopener\">Lien Plan (IOS)<\/a><\/p>\n\n\n\n<h2 class=\"wp-block-heading has-text-align-center has-large-font-size\"><strong>Prise de RDV<\/strong><\/h2>\n\n\n\n<p>Apr\u00e8s lecture et acceptation de ces quelques informations, vous pourrez prendre rdv sur <a href=\"https:\/\/www.maiia.com\/masseur-kinesitherapeute\/38350-la-mure\/varier-deletraz-solene\">www.maiia.com<\/a> qui vous enverra des rappels par SMS ou Mail.<\/p>\n\n\n\n<p>Je vous recommande de pr\u00e9voir 2 RDV par semaine sur le 1er mois, nous r\u00e9gulerons ensuite en fonction de vos besoins.<\/p>\n\n\n\n<p>Je vous demande, dans la mesure du possible, de joindre votre ordonnance et votre justificatif de mutuelle dans votre espace Maiia, afin de gagner du temps lors de votre 1er rdv.<\/p>\n\n\n\n<p>Pour les massages de confort, les cr\u00e9neaux sont en soir\u00e9e pour terminer la journ\u00e9e en douceur.<\/p>\n\n\n\n<p>Durant les s\u00e9ances, je ne r\u00e9ponds pas au t\u00e9l\u00e9phone, si n\u00e9cessaire vous pouvez me laisser un message que je consulterai lors de ma pause, merci de passer par <a href=\"https:\/\/www.maiia.com\/masseur-kinesitherapeute\/38350-la-mure\/varier-deletraz-solene\">www.maiia.com<\/a> pour la prise de RDV.<\/p>\n\n\n\n<p>En cas d&rsquo;absence sans annulation pr\u00e9alable 48h \u00e0 l&rsquo;avance, votre s\u00e9ance vous sera factur\u00e9e \u00e0 vos frais personnels.<\/p>\n\n\n\n<h2 class=\"wp-block-heading has-text-align-center has-large-font-size\"><strong>prenez soin de vous<\/strong> !<\/h2>\n\n\n\n<p><\/p>\n","protected":false},"excerpt":{"rendered":"<p>CABINET de kin\u00e9sith\u00e9rapie 1904 avenue du 22 Aout 1944 38350 La Mure tel : 04 76 30 50 34 Bienvenue 2 types de prestations : Pr\u00e9sentation Je m&rsquo;appelle Sol\u00e8ne VARIER DEL\u00c9TRAZ, dipl\u00f4m\u00e9e de Kin\u00e9sith\u00e9rapie depuis 2006 de l&rsquo;institut du CEERRF en r\u00e9gion parisienne. Apr\u00e8s 2 ans de remplacements \u00e0 travers la France et l&rsquo;Outre Mer, [&hellip;]<\/p>\n","protected":false},"author":2,"featured_media":0,"parent":0,"menu_order":0,"comment_status":"closed","ping_status":"closed","template":"","meta":{"footnotes":""},"class_list":["post-29","page","type-page","status-publish","hentry"],"_links":{"self":[{"href":"https:\/\/www.kine-la-mure.fr\/index.php\/wp-json\/wp\/v2\/pages\/29","targetHints":{"allow":["GET"]}}],"collection":[{"href":"https:\/\/www.kine-la-mure.fr\/index.php\/wp-json\/wp\/v2\/pages"}],"about":[{"href":"https:\/\/www.kine-la-mure.fr\/index.php\/wp-json\/wp\/v2\/types\/page"}],"author":[{"embeddable":true,"href":"https:\/\/www.kine-la-mure.fr\/index.php\/wp-json\/wp\/v2\/users\/2"}],"replies":[{"embeddable":true,"href":"https:\/\/www.kine-la-mure.fr\/index.php\/wp-json\/wp\/v2\/comments?post=29"}],"version-history":[{"count":19,"href":"https:\/\/www.kine-la-mure.fr\/index.php\/wp-json\/wp\/v2\/pages\/29\/revisions"}],"predecessor-version":[{"id":65,"href":"https:\/\/www.kine-la-mure.fr\/index.php\/wp-json\/wp\/v2\/pages\/29\/revisions\/65"}],"wp:attachment":[{"href":"https:\/\/www.kine-la-mure.fr\/index.php\/wp-json\/wp\/v2\/media?parent=29"}],"curies":[{"name":"wp","href":"https:\/\/api.w.org\/{rel}","templated":true}]}}